{"id":1337,"date":"2019-10-25T22:57:01","date_gmt":"2019-10-25T20:57:01","guid":{"rendered":"https:\/\/transformationdigitale.coach\/?page_id=1337"},"modified":"2019-10-30T16:28:39","modified_gmt":"2019-10-30T15:28:39","slug":"formation-transformation-digitale-systeme-information-web-marketing-gestion-de-projet","status":"publish","type":"page","link":"https:\/\/transformationdigitale.coach\/index.php\/formation-transformation-digitale-systeme-information-web-marketing-gestion-de-projet\/","title":{"rendered":"Formations Transformation Digitale \/ Management \/ Gestion de projet"},"content":{"rendered":"<p>[vc_row][vc_column][vc_column_text]<\/p>\n<p>Nous assurons des formations en individuel et\/ou en petit groupe au sein de votre entreprise (FORMATIONS INTRA ENTREPRISE) :<br \/>\nCette formule haut de gamme vous propose une approche enti\u00e8rement sur-mesure o\u00f9 chaque programme est le fruit d\u2019une construction intelligente entre vos stagiaires et le formateur. Cette m\u00e9thode consciencieuse de pr\u00e9paration nous permet de nous placer au c\u0153ur du besoin.<\/p>\n<p>Nous proposons aussi nos formations \u00e0 des personnes issues de diff\u00e9rentes entreprises (FORMATIONS INTER ENTREPRISE) \u00e0 des dates fixes,sur un programme plus standard.<\/p>\n<section class=\"twoColumns \">\n<div class=\"container\">\n<div class=\"row\">\n<div class=\"col-md-6\">\n<div class=\"twoColumnsText\">\n<p>Voici la liste des formations que nous vous proposons sur 0.5, 1 ou 2 jours (dur\u00e9e en fonction du sujet) :<\/p>\n<\/div>\n<\/div>\n<\/div>\n<\/div>\n<\/section>\n<p>[\/vc_column_text][vc_column_text]<\/p>\n<ul>\n<li>Introduction \u00e0 Scrum et aux m\u00e9thodes agiles<\/li>\n<li>Adopter un management collaboratif et agile<\/li>\n<li>Architecture des SI : concepts, standard et nouvelles architectures<\/li>\n<li>Cloud Computing &#8211; Une Synth\u00e8se compl\u00e8te et r\u00e9aliste du Cloud Computing<\/li>\n<li>Comprendre l&rsquo;informatique et ses m\u00e9tiers pour les professionnels non informaticiens<\/li>\n<li>Concevoir un site sur Mesure avec WordPress, sans comp\u00e9tences techniques<\/li>\n<li>Conduire et accompagner le changement<\/li>\n<li>D\u00e9finir et atteindre ses objectifs<\/li>\n<li>D\u00e9mat\u00e9rialisation : \u00c9tat de l\u2019art<\/li>\n<li>D\u00e9velopper sa cr\u00e9ativit\u00e9 et celle de ses collaborateurs<\/li>\n<li>Entreprise num\u00e9rique et la relation client<\/li>\n<li>Gestion de projet agile avec SCRUM<\/li>\n<li>Les Nouveaux M\u00e9tiers du Num\u00e9rique<\/li>\n<li>Les r\u00e9seaux pour non informaticien : Concept et mise en oeuvre<\/li>\n<li>Manager des \u00e9quipes \u00e0 distance<\/li>\n<li>Manager la g\u00e9n\u00e9ration Y (20 &#8211; 30 ans)<\/li>\n<li>Marketing digital: \u00e9tat des lieux, tendances et enjeux<\/li>\n<li>Ma\u00eetriser le management interculturel<\/li>\n<li>Nouvelles architectures IT inspir\u00e9es des g\u00e9ants du Web<\/li>\n<li>Panorama 2019 des technologies informatiques\u00a0 : Les R\u00e9seaux, Le Web et la S\u00e9curit\u00e9<\/li>\n<li>Perspectives et \u00e9volution de la DSI<\/li>\n<li>R\u00e9aliser un site web pour non informaticiens<\/li>\n<li>S\u00e9curit\u00e9 du Syst\u00e8me d\u2019Information pour non informaticien<\/li>\n<li>S\u00e9curit\u00e9 informatique : sensibilisation des utilisateurs<\/li>\n<li>S\u00e9curit\u00e9 Informatique pour Non-Informaticien : Vocabulaire, Concepts et Technologies<\/li>\n<li>Webmarketing d&rsquo;entreprise<\/li>\n<li>WordPress : Gestion de contenu et administration avec WordPress<\/li>\n<li>Initiation au Marketing<\/li>\n<\/ul>\n<p>[\/vc_column_text][\/vc_column][\/vc_row]<\/p>\n<p>[vc_row][vc_column][vc_column_text]<strong>TARIF INTRA ENTREPRISE \u00a0: 1 300\u20ac HT par jour de formation<\/strong><\/p>\n<p>Prix quel que soit le nombre de participants, entre une et sept personnes.<\/p>\n<p>Frais de bouche, de d\u00e9placement et d\u2019h\u00e9bergement du formateur pris en charge par Transformation Digitale .Coach[\/vc_column_text][\/vc_column][\/vc_row]<\/p>\n<p>[vc_row][vc_column][vc_column_text]<strong>TARIF INTER\u00a0 ENTREPRISE \u00a0: 1 100\u20ac HT par formation et par participant<\/strong><\/p>\n<p>Lieu de la formation : <a href=\"http:\/\/www.le-rucher-creatif.org\/\" target=\"_blank\" rel=\"noopener noreferrer\">Le Rucher Cr\u00e9atif<\/a> \u00e0\u00a0 Troyes[\/vc_column_text][\/vc_column][\/vc_row]<\/p>\n<p>[vc_row][vc_column][vc_column_text]<strong>FINANCEMENT<\/strong><\/p>\n<p>Vous pouvez b\u00e9n\u00e9ficier d&rsquo;une prise en charge de nos prestations de formation par les financeurs (OPCO).<\/p>\n<p>Gr\u00e2ce \u00e0 notre soci\u00e9t\u00e9 de portage salariale (webportage) disposant d&rsquo;un num\u00e9ro de d\u00e9claration d&rsquo;activit\u00e9 formation, nous b\u00e9n\u00e9ficions d&rsquo;un r\u00e9f\u00e9rencement sur Datadock permettant de fluidifier les demandes de prise en charge aupr\u00e8s des organismes financeurs.<\/p>\n<p>Dans le respect des crit\u00e8res d\u00e9finis par le d\u00e9cret du 30 juin 2015, webportage est titulaire d&rsquo;une certification LRQA D\u00e9cret Qualit\u00e9 pour les formations professionnelles continues (sauf FAOD et formations certifiantes et qualifiantes).[\/vc_column_text][\/vc_column][\/vc_row]<\/p>\n","protected":false},"excerpt":{"rendered":"<p>[vc_row][vc_column][vc_column_text] Nous assurons des formations en individuel et\/ou en petit groupe au sein de votre entreprise (FORMATIONS INTRA ENTREPRISE) : Cette formule haut de gamme vous propose une approche enti\u00e8rement sur-mesure o\u00f9 chaque programme est le fruit d\u2019une construction intelligente entre vos stagiaires et le formateur. Cette m\u00e9thode consciencieuse de pr\u00e9paration nous permet de nous [&hellip;]<\/p>\n","protected":false},"author":1,"featured_media":0,"parent":0,"menu_order":0,"comment_status":"closed","ping_status":"closed","template":"","meta":{"footnotes":""},"yoast_head":"<!-- This site is optimized with the Yoast SEO plugin v20.2.1 - https:\/\/yoast.com\/wordpress\/plugins\/seo\/ -->\n<title>Formations Transformation Digitale \/ Management \/ Gestion de projet - Transformation Digitale &amp; Gestion du changement<\/title>\n<meta name=\"description\" content=\"Atelier \/ Conf\u00e9rence \/ Coaching individuel ou d&#039;\u00e9quipe, nous accompagnons les organisations dans leur gestion du changement \u00e0 la fois technologique et humain.\" \/>\n<meta name=\"robots\" content=\"index, follow, max-snippet:-1, max-image-preview:large, max-video-preview:-1\" \/>\n<link rel=\"canonical\" href=\"https:\/\/transformationdigitale.coach\/index.php\/formation-transformation-digitale-systeme-information-web-marketing-gestion-de-projet\/\" \/>\n<meta property=\"og:locale\" content=\"fr_FR\" \/>\n<meta property=\"og:type\" content=\"article\" \/>\n<meta property=\"og:title\" content=\"Formations Transformation Digitale \/ Management \/ Gestion de projet - Transformation Digitale &amp; Gestion du changement\" \/>\n<meta property=\"og:description\" content=\"Atelier \/ Conf\u00e9rence \/ Coaching individuel ou d&#039;\u00e9quipe, nous accompagnons les organisations dans leur gestion du changement \u00e0 la fois technologique et humain.\" \/>\n<meta property=\"og:url\" content=\"https:\/\/transformationdigitale.coach\/index.php\/formation-transformation-digitale-systeme-information-web-marketing-gestion-de-projet\/\" \/>\n<meta property=\"og:site_name\" content=\"Transformation Digitale &amp; Gestion du changement\" \/>\n<meta property=\"article:modified_time\" content=\"2019-10-30T15:28:39+00:00\" \/>\n<meta name=\"twitter:card\" content=\"summary_large_image\" \/>\n<meta name=\"twitter:site\" content=\"@samdprod\" \/>\n<meta name=\"twitter:label1\" content=\"Dur\u00e9e de lecture estim\u00e9e\" \/>\n\t<meta name=\"twitter:data1\" content=\"3 minutes\" \/>\n<script type=\"application\/ld+json\" class=\"yoast-schema-graph\">{\"@context\":\"https:\/\/schema.org\",\"@graph\":[{\"@type\":\"WebPage\",\"@id\":\"https:\/\/transformationdigitale.coach\/index.php\/formation-transformation-digitale-systeme-information-web-marketing-gestion-de-projet\/\",\"url\":\"https:\/\/transformationdigitale.coach\/index.php\/formation-transformation-digitale-systeme-information-web-marketing-gestion-de-projet\/\",\"name\":\"Formations Transformation Digitale \/ Management \/ Gestion de projet - Transformation Digitale &amp; Gestion du changement\",\"isPartOf\":{\"@id\":\"https:\/\/transformationdigitale.coach\/#website\"},\"datePublished\":\"2019-10-25T20:57:01+00:00\",\"dateModified\":\"2019-10-30T15:28:39+00:00\",\"description\":\"Atelier \/ Conf\u00e9rence \/ Coaching individuel ou d'\u00e9quipe, nous accompagnons les organisations dans leur gestion du changement \u00e0 la fois technologique et humain.\",\"breadcrumb\":{\"@id\":\"https:\/\/transformationdigitale.coach\/index.php\/formation-transformation-digitale-systeme-information-web-marketing-gestion-de-projet\/#breadcrumb\"},\"inLanguage\":\"fr-FR\",\"potentialAction\":[{\"@type\":\"ReadAction\",\"target\":[\"https:\/\/transformationdigitale.coach\/index.php\/formation-transformation-digitale-systeme-information-web-marketing-gestion-de-projet\/\"]}]},{\"@type\":\"BreadcrumbList\",\"@id\":\"https:\/\/transformationdigitale.coach\/index.php\/formation-transformation-digitale-systeme-information-web-marketing-gestion-de-projet\/#breadcrumb\",\"itemListElement\":[{\"@type\":\"ListItem\",\"position\":1,\"name\":\"Accueil\",\"item\":\"https:\/\/transformationdigitale.coach\/\"},{\"@type\":\"ListItem\",\"position\":2,\"name\":\"Formations Transformation Digitale \/ Management \/ Gestion de projet\"}]},{\"@type\":\"WebSite\",\"@id\":\"https:\/\/transformationdigitale.coach\/#website\",\"url\":\"https:\/\/transformationdigitale.coach\/\",\"name\":\"Transformation Digitale &amp; Gestion du changement\",\"description\":\"D\u00e9couvrez comment nos coachs certifi\u00e9s accompagnent la transformation digitale et votre gestion du changement.\",\"potentialAction\":[{\"@type\":\"SearchAction\",\"target\":{\"@type\":\"EntryPoint\",\"urlTemplate\":\"https:\/\/transformationdigitale.coach\/?s={search_term_string}\"},\"query-input\":\"required name=search_term_string\"}],\"inLanguage\":\"fr-FR\"}]}<\/script>\n<!-- \/ Yoast SEO plugin. -->","yoast_head_json":{"title":"Formations Transformation Digitale \/ Management \/ Gestion de projet - Transformation Digitale &amp; Gestion du changement","description":"Atelier \/ Conf\u00e9rence \/ Coaching individuel ou d'\u00e9quipe, nous accompagnons les organisations dans leur gestion du changement \u00e0 la fois technologique et humain.","robots":{"index":"index","follow":"follow","max-snippet":"max-snippet:-1","max-image-preview":"max-image-preview:large","max-video-preview":"max-video-preview:-1"},"canonical":"https:\/\/transformationdigitale.coach\/index.php\/formation-transformation-digitale-systeme-information-web-marketing-gestion-de-projet\/","og_locale":"fr_FR","og_type":"article","og_title":"Formations Transformation Digitale \/ Management \/ Gestion de projet - Transformation Digitale &amp; Gestion du changement","og_description":"Atelier \/ Conf\u00e9rence \/ Coaching individuel ou d'\u00e9quipe, nous accompagnons les organisations dans leur gestion du changement \u00e0 la fois technologique et humain.","og_url":"https:\/\/transformationdigitale.coach\/index.php\/formation-transformation-digitale-systeme-information-web-marketing-gestion-de-projet\/","og_site_name":"Transformation Digitale &amp; Gestion du changement","article_modified_time":"2019-10-30T15:28:39+00:00","twitter_card":"summary_large_image","twitter_site":"@samdprod","twitter_misc":{"Dur\u00e9e de lecture estim\u00e9e":"3 minutes"},"schema":{"@context":"https:\/\/schema.org","@graph":[{"@type":"WebPage","@id":"https:\/\/transformationdigitale.coach\/index.php\/formation-transformation-digitale-systeme-information-web-marketing-gestion-de-projet\/","url":"https:\/\/transformationdigitale.coach\/index.php\/formation-transformation-digitale-systeme-information-web-marketing-gestion-de-projet\/","name":"Formations Transformation Digitale \/ Management \/ Gestion de projet - Transformation Digitale &amp; Gestion du changement","isPartOf":{"@id":"https:\/\/transformationdigitale.coach\/#website"},"datePublished":"2019-10-25T20:57:01+00:00","dateModified":"2019-10-30T15:28:39+00:00","description":"Atelier \/ Conf\u00e9rence \/ Coaching individuel ou d'\u00e9quipe, nous accompagnons les organisations dans leur gestion du changement \u00e0 la fois technologique et humain.","breadcrumb":{"@id":"https:\/\/transformationdigitale.coach\/index.php\/formation-transformation-digitale-systeme-information-web-marketing-gestion-de-projet\/#breadcrumb"},"inLanguage":"fr-FR","potentialAction":[{"@type":"ReadAction","target":["https:\/\/transformationdigitale.coach\/index.php\/formation-transformation-digitale-systeme-information-web-marketing-gestion-de-projet\/"]}]},{"@type":"BreadcrumbList","@id":"https:\/\/transformationdigitale.coach\/index.php\/formation-transformation-digitale-systeme-information-web-marketing-gestion-de-projet\/#breadcrumb","itemListElement":[{"@type":"ListItem","position":1,"name":"Accueil","item":"https:\/\/transformationdigitale.coach\/"},{"@type":"ListItem","position":2,"name":"Formations Transformation Digitale \/ Management \/ Gestion de projet"}]},{"@type":"WebSite","@id":"https:\/\/transformationdigitale.coach\/#website","url":"https:\/\/transformationdigitale.coach\/","name":"Transformation Digitale &amp; Gestion du changement","description":"D\u00e9couvrez comment nos coachs certifi\u00e9s accompagnent la transformation digitale et votre gestion du changement.","potentialAction":[{"@type":"SearchAction","target":{"@type":"EntryPoint","urlTemplate":"https:\/\/transformationdigitale.coach\/?s={search_term_string}"},"query-input":"required name=search_term_string"}],"inLanguage":"fr-FR"}]}},"_links":{"self":[{"href":"https:\/\/transformationdigitale.coach\/index.php\/wp-json\/wp\/v2\/pages\/1337"}],"collection":[{"href":"https:\/\/transformationdigitale.coach\/index.php\/wp-json\/wp\/v2\/pages"}],"about":[{"href":"https:\/\/transformationdigitale.coach\/index.php\/wp-json\/wp\/v2\/types\/page"}],"author":[{"embeddable":true,"href":"https:\/\/transformationdigitale.coach\/index.php\/wp-json\/wp\/v2\/users\/1"}],"replies":[{"embeddable":true,"href":"https:\/\/transformationdigitale.coach\/index.php\/wp-json\/wp\/v2\/comments?post=1337"}],"version-history":[{"count":15,"href":"https:\/\/transformationdigitale.coach\/index.php\/wp-json\/wp\/v2\/pages\/1337\/revisions"}],"predecessor-version":[{"id":1356,"href":"https:\/\/transformationdigitale.coach\/index.php\/wp-json\/wp\/v2\/pages\/1337\/revisions\/1356"}],"wp:attachment":[{"href":"https:\/\/transformationdigitale.coach\/index.php\/wp-json\/wp\/v2\/media?parent=1337"}],"curies":[{"name":"wp","href":"https:\/\/api.w.org\/{rel}","templated":true}]}}